{"id":47,"date":"2017-01-30T16:04:29","date_gmt":"2017-01-30T15:04:29","guid":{"rendered":"http:\/\/pau.saske.sk\/helminthdays2017\/nepomenovany\/"},"modified":"2017-04-25T11:19:11","modified_gmt":"2017-04-25T09:19:11","slug":"venue","status":"publish","type":"page","link":"https:\/\/pau.saske.sk\/helminthdays2017\/venue\/","title":{"rendered":"Venue"},"content":{"rendered":"<div id=\"pl-47\"  class=\"panel-layout\" ><div id=\"pg-47-0\"  class=\"panel-grid panel-no-style\" ><div id=\"pgc-47-0-0\"  class=\"panel-grid-cell\" ><div id=\"panel-47-0-0-0\" class=\"so-panel widget widget_sow-editor panel-first-child panel-last-child\" data-index=\"0\" ><div\n\t\t\t\n\t\t\tclass=\"so-widget-sow-editor so-widget-sow-editor-base\"\n\t\t\t\n\t\t>\n<div class=\"siteorigin-widget-tinymce textwidget\">\n\t<p style=\"text-align: left;\"><span style=\"color: #000000; font-size: 12pt;\"><i>23rd Helminthological Days <\/i>will be held in,<\/span><\/p>\n<p style=\"text-align: left;\"><span style=\"color: #000000; font-size: 12pt;\"><b>Pension Slnie\u010dko \u2013 Duchonka<\/b><\/span><\/p>\n<ul>\n<li><span style=\"color: #000000; font-size: 12pt;\">located in the recreation area, only 400m from the Duchonka dam<\/span><\/li>\n<li><span style=\"color: #000000; font-size: 12pt;\">surrounded by the Pova\u017esk\u00fd Inovec mountains, in a lovely setting of a birch grove, 17km from the county seat Topo\u013e\u010dany<\/span><\/li>\n<li><span style=\"color: #000000; font-size: 12pt;\">completely reconstructed building, in the neighborhood also known as the OZETA cottage<\/span><\/li>\n<li><span style=\"color: #000000; font-size: 12pt;\">parking is provided directly on the premises<\/span><\/li>\n<\/ul>\n<\/div>\n<\/div><\/div><\/div><div id=\"pgc-47-0-1\"  class=\"panel-grid-cell\" ><div id=\"panel-47-0-1-0\" class=\"so-panel widget widget_sow-editor panel-first-child panel-last-child\" data-index=\"1\" ><div\n\t\t\t\n\t\t\tclass=\"so-widget-sow-editor so-widget-sow-editor-base\"\n\t\t\t\n\t\t>\n<div class=\"siteorigin-widget-tinymce textwidget\">\n\t<p><img decoding=\"async\" class=\"alignright\" style=\"position: relative; top: -30px;\" src=\"http:\/\/pau.saske.sk\/helminthdays2017\/wp-content\/uploads\/sites\/4\/2017\/02\/penzion.jpg\" alt=\"\" width=\"640px\" height=\"360px\"  \/><\/p>\n<\/div>\n<\/div><\/div><\/div><\/div><div id=\"pg-47-1\"  class=\"panel-grid panel-no-style\" ><div id=\"pgc-47-1-0\"  class=\"panel-grid-cell\" ><div id=\"panel-47-1-0-0\" class=\"so-panel widget widget_sow-editor panel-first-child panel-last-child\" data-index=\"2\" ><div\n\t\t\t\n\t\t\tclass=\"so-widget-sow-editor so-widget-sow-editor-base\"\n\t\t\t\n\t\t>\n<div class=\"siteorigin-widget-tinymce textwidget\">\n\t<table style=\"width: 100%;\">\n<tbody>\n<tr class=\"tableHD1\">\n<td style=\"padding-left: 30px; width: 42%;\">Prague<\/td>\n<td style=\"width: 38%;\">370 km<\/td>\n<td style=\"width: 20%;\">4:20 h<\/td>\n<\/tr>\n<tr class=\"tableHD2\">\n<td style=\"padding-left: 30px;\">Brno<\/td>\n<td>170 km<\/td>\n<td>2:30 h<\/td>\n<\/tr>\n<tr class=\"tableHD1\">\n<td style=\"padding-left: 30px;\">Budweiss<\/td>\n<td>390 km<\/td>\n<td>4:50 h<\/td>\n<\/tr>\n<tr class=\"tableHD2\">\n<td style=\"padding-left: 30px;\">Bratislava<\/td>\n<td>130 km<\/td>\n<td>1:40 h<\/td>\n<\/tr>\n<tr class=\"tableHD1\">\n<td style=\"padding-left: 30px;\">Ko\u0161ice<\/td>\n<td>380 km<\/td>\n<td>4:20 h<\/td>\n<\/tr>\n<\/tbody>\n<\/table>\n<\/div>\n<\/div><\/div><\/div><div id=\"pgc-47-1-1\"  class=\"panel-grid-cell\" ><div id=\"panel-47-1-1-0\" class=\"so-panel widget widget_sow-editor panel-first-child panel-last-child\" data-index=\"3\" ><div\n\t\t\t\n\t\t\tclass=\"so-widget-sow-editor so-widget-sow-editor-base\"\n\t\t\t\n\t\t>\n<div class=\"siteorigin-widget-tinymce textwidget\">\n\t<p style=\"text-align: left;\"><b>GPS \u2013 N: 48\u00b039'57'', E: 18\u00b05'23''<\/b><br \/>\n<i><a href=\"http:\/\/www.rbv.sk\/contact\/\" target=\"_blank\">www.rbv.sk\/contact\/<\/a><\/i><\/p>\n<\/div>\n<\/div><\/div><\/div><\/div><div id=\"pg-47-2\"  class=\"panel-grid panel-no-style\" ><div id=\"pgc-47-2-0\"  class=\"panel-grid-cell\" ><div id=\"panel-47-2-0-0\" class=\"so-panel widget widget_sow-google-map panel-first-child panel-last-child\" data-index=\"4\" ><div\n\t\t\t\n\t\t\tclass=\"so-widget-sow-google-map so-widget-sow-google-map-default-6b23895f316e-47\"\n\t\t\t\n\t\t>\n<div class=\"sow-google-map-canvas\"\n\tstyle=\"\"\n\tid=\"map-canvas-b6c8ae729f9627d148c4fbfc1887d3e0\"\n\tdata-options=\"{&quot;address&quot;:&quot;Penzi\\u00f3n Slnie\\u010dko, Duchonka&quot;,&quot;zoom&quot;:12,&quot;mobileZoom&quot;:12,&quot;gestureHandling&quot;:&quot;greedy&quot;,&quot;disableUi&quot;:false,&quot;markerIcon&quot;:false,&quot;markersDraggable&quot;:false,&quot;markerAtCenter&quot;:true,&quot;markerInfoDisplay&quot;:&quot;click&quot;,&quot;markerInfoMultiple&quot;:true,&quot;markerPositions&quot;:false,&quot;mapName&quot;:false,&quot;mapStyles&quot;:false,&quot;directions&quot;:&quot;&quot;,&quot;apiKey&quot;:&quot;AIzaSyAqR-zqdjqVEtCJnJTrWsQ_SDbtHSbQFTg&quot;,&quot;breakpoint&quot;:780,&quot;id&quot;:&quot;69efeb&quot;}\"\n\tdata-fallback-image=\"{&quot;img&quot;:&quot;&quot;}\"><\/div>\n<\/div><\/div><\/div><div id=\"pgc-47-2-1\"  class=\"panel-grid-cell\" ><div id=\"panel-47-2-1-0\" class=\"so-panel widget widget_sow-google-map panel-first-child panel-last-child\" data-index=\"5\" ><div\n\t\t\t\n\t\t\tclass=\"so-widget-sow-google-map so-widget-sow-google-map-default-6b23895f316e-47\"\n\t\t\t\n\t\t>\n<div class=\"sow-google-map-canvas\"\n\tstyle=\"\"\n\tid=\"map-canvas-4fbc8588d32ce8c6a562c3748d2f07ef\"\n\tdata-options=\"{&quot;address&quot;:&quot;Penzi\\u00f3n Slnie\\u010dko, Duchonka&quot;,&quot;zoom&quot;:12,&quot;mobileZoom&quot;:12,&quot;gestureHandling&quot;:&quot;greedy&quot;,&quot;disableUi&quot;:false,&quot;markerIcon&quot;:false,&quot;markersDraggable&quot;:false,&quot;markerAtCenter&quot;:true,&quot;markerInfoDisplay&quot;:&quot;click&quot;,&quot;markerInfoMultiple&quot;:true,&quot;markerPositions&quot;:false,&quot;mapName&quot;:false,&quot;mapStyles&quot;:false,&quot;directions&quot;:{&quot;origin&quot;:&quot;Pra\\u0161ice&quot;,&quot;destination&quot;:&quot;Penzi\\u00f3n Slnie\\u010dko, Duchonka&quot;,&quot;travelMode&quot;:&quot;driving&quot;,&quot;waypoints&quot;:[{&quot;location&quot;:&quot;Pra\\u0161ice&quot;,&quot;stopover&quot;:true},{&quot;location&quot;:&quot;Penzi\\u00f3n Slnie\\u010dko, Duchonka&quot;,&quot;stopover&quot;:true}],&quot;optimizeWaypoints&quot;:true,&quot;soFieldContainerState&quot;:&quot;open&quot;,&quot;avoidHighways&quot;:false,&quot;avoidTolls&quot;:false,&quot;preserveViewport&quot;:false},&quot;apiKey&quot;:&quot;AIzaSyAqR-zqdjqVEtCJnJTrWsQ_SDbtHSbQFTg&quot;,&quot;breakpoint&quot;:780,&quot;id&quot;:&quot;69efeb&quot;}\"\n\tdata-fallback-image=\"{&quot;img&quot;:&quot;&quot;}\"><\/div>\n<\/div><\/div><\/div><\/div><div id=\"pg-47-3\"  class=\"panel-grid panel-no-style\" ><div id=\"pgc-47-3-0\"  class=\"panel-grid-cell\" ><div id=\"panel-47-3-0-0\" class=\"so-panel widget widget_sow-editor panel-first-child panel-last-child\" data-index=\"6\" ><div\n\t\t\t\n\t\t\tclass=\"so-widget-sow-editor so-widget-sow-editor-base\"\n\t\t\t\n\t\t>\n<div class=\"siteorigin-widget-tinymce textwidget\">\n\t<p><span style=\"font-size: 24pt;\"><strong><span style=\"color: #000000;\">Accommodation<\/span><\/strong><\/span><\/p>\n<ul>\n<li><span style=\"font-size: 14pt; color: #000000;\"><img decoding=\"async\" class=\"alignright\" style=\"width: 40%;\" src=\"http:\/\/pau.saske.sk\/helminthdays2017\/wp-content\/uploads\/sites\/4\/2017\/02\/pergola.jpg\" \/><span style=\"font-size: 12pt;\">The rooms are 2, 3 and 4-bed, every room equipped with own bathroom and TV set, some rooms have a balcony<\/span><\/span><\/li>\n<li><span style=\"font-size: 12pt; color: #000000;\">6 rooms barrier-free rooms offered on the ground floor<\/span><\/li>\n<\/ul>\n<p><img decoding=\"async\" class=\"alignleft\" style=\"width: 50%; position: relative; top: 30px;\" src=\"http:\/\/pau.saske.sk\/helminthdays2017\/wp-content\/uploads\/sites\/4\/2017\/02\/p08.jpg\" \/><\/p>\n<\/div>\n<\/div><\/div><\/div><\/div><div id=\"pg-47-4\"  class=\"panel-grid panel-no-style\" ><div id=\"pgc-47-4-0\"  class=\"panel-grid-cell panel-grid-cell-empty\" ><\/div><div id=\"pgc-47-4-1\"  class=\"panel-grid-cell\" ><div id=\"panel-47-4-1-0\" class=\"so-panel widget widget_sow-editor panel-first-child panel-last-child\" data-index=\"7\" ><div\n\t\t\t\n\t\t\tclass=\"so-widget-sow-editor so-widget-sow-editor-base\"\n\t\t\t\n\t\t>\n<div class=\"siteorigin-widget-tinymce textwidget\">\n\t<p><span style=\"font-size: 24pt; color: #000000;\"><img decoding=\"async\" class=\"alignright\" style=\"position: relative; top: -125px; left: -30px;\" src=\"http:\/\/pau.saske.sk\/helminthdays2017\/wp-content\/uploads\/sites\/4\/2017\/02\/meal.jpg\" alt=\"\" width=\"40%\" \/><\/span><\/p>\n<\/div>\n<\/div><\/div><\/div><\/div><\/div>","protected":false},"excerpt":{"rendered":"<p>23rd Helminthological Days will be held in, Pension Slnie\u010dko \u2013 Duchonka located in the recreation area, only 400m from the Duchonka dam surrounded by the Pova\u017esk\u00fd Inovec mountains, in a lovely setting of a birch grove, 17km from the county &hellip; <a href=\"https:\/\/pau.saske.sk\/helminthdays2017\/venue\/\">Continue reading <span class=\"meta-nav\">&rarr;<\/span><\/a><\/p>\n","protected":false},"author":1,"featured_media":0,"parent":0,"menu_order":0,"comment_status":"closed","ping_status":"closed","template":"","meta":{"ngg_post_thumbnail":0,"footnotes":""},"folder":[5],"class_list":["post-47","page","type-page","status-publish","hentry"],"aioseo_notices":[],"_links":{"self":[{"href":"https:\/\/pau.saske.sk\/helminthdays2017\/wp-json\/wp\/v2\/pages\/47","targetHints":{"allow":["GET"]}}],"collection":[{"href":"https:\/\/pau.saske.sk\/helminthdays2017\/wp-json\/wp\/v2\/pages"}],"about":[{"href":"https:\/\/pau.saske.sk\/helminthdays2017\/wp-json\/wp\/v2\/types\/page"}],"author":[{"embeddable":true,"href":"https:\/\/pau.saske.sk\/helminthdays2017\/wp-json\/wp\/v2\/users\/1"}],"replies":[{"embeddable":true,"href":"https:\/\/pau.saske.sk\/helminthdays2017\/wp-json\/wp\/v2\/comments?post=47"}],"version-history":[{"count":50,"href":"https:\/\/pau.saske.sk\/helminthdays2017\/wp-json\/wp\/v2\/pages\/47\/revisions"}],"predecessor-version":[{"id":321,"href":"https:\/\/pau.saske.sk\/helminthdays2017\/wp-json\/wp\/v2\/pages\/47\/revisions\/321"}],"wp:attachment":[{"href":"https:\/\/pau.saske.sk\/helminthdays2017\/wp-json\/wp\/v2\/media?parent=47"}],"wp:term":[{"taxonomy":"folder","embeddable":true,"href":"https:\/\/pau.saske.sk\/helminthdays2017\/wp-json\/wp\/v2\/folder?post=47"}],"curies":[{"name":"wp","href":"https:\/\/api.w.org\/{rel}","templated":true}]}}