{"id":162,"date":"2017-09-19T13:50:36","date_gmt":"2017-09-19T11:50:36","guid":{"rendered":"http:\/\/pau.saske.sk\/project-sav-most\/?page_id=162"},"modified":"2017-09-25T15:39:08","modified_gmt":"2017-09-25T13:39:08","slug":"publications","status":"publish","type":"page","link":"https:\/\/pau.saske.sk\/project-sav-most\/publications\/","title":{"rendered":"Publications and Conference Presentations"},"content":{"rendered":"<div id=\"pl-162\"  class=\"panel-layout\" ><div id=\"pg-162-0\"  class=\"panel-grid panel-no-style\" ><div id=\"pgc-162-0-0\"  class=\"panel-grid-cell\" ><div id=\"panel-162-0-0-0\" class=\"so-panel widget widget_sow-editor panel-first-child panel-last-child\" data-index=\"0\" ><div\n\t\t\t\n\t\t\tclass=\"so-widget-sow-editor so-widget-sow-editor-base\"\n\t\t\t\n\t\t>\n<div class=\"siteorigin-widget-tinymce textwidget\">\n\t<h2>Scientific papers published in journals registered in CCC, WOS or Scopus with IF<\/h2>\n<ul>\n<li style=\"text-align: justify; color: #272A2F;\"><strong>Pasaikou Sonko<\/strong> \u2013 Solomon Chih-Cheng Chen \u2013 <strong>Chien-Wei Liao<\/strong> \u2013 <strong>Po-Ching Cheng<\/strong> \u2013 <strong>Ting-Wu Chuang<\/strong> \u2013 <strong>Chia-Mei Chou<\/strong> \u2013 Ying-Chieh Huang, Shao-Lun Hsu, <strong>Daniel Bar\u010d\u00e1k, Mikul\u00e1\u0161 Oros, Chia-Kwung Fa<\/strong>n. 2017. Zoonotic <em>Anisakis<\/em> spp. larval infection, identification and distribution in visceral organs of <em>Scomber australasicus<\/em> and <em>Trichiurus lepturus<\/em> in Northern Taiwan. \u2013 has been sent to the editorial Office of Acta Tropica.<\/li>\n<\/ul>\n<\/div>\n<\/div><\/div><\/div><\/div><div id=\"pg-162-1\"  class=\"panel-grid panel-no-style\" ><div id=\"pgc-162-1-0\"  class=\"panel-grid-cell\" ><div id=\"panel-162-1-0-0\" class=\"so-panel widget widget_sow-editor panel-first-child panel-last-child\" data-index=\"1\" ><div\n\t\t\t\n\t\t\tclass=\"so-widget-sow-editor so-widget-sow-editor-base\"\n\t\t\t\n\t\t>\n<div class=\"siteorigin-widget-tinymce textwidget\">\n\t<h2>Conference and meeting presentations<\/h2>\n<ul>\n<li style=\"text-align: justify; color: #272A2F;\"><strong>SONKO, Pasaiko<\/strong>. Status of Anisakis Infection in <em>Scomber australasicius <\/em>and <em>Trichiurus lepturus <\/em>investigated by PCR-RFLP. In <em>Taipei Medical University, United Medicine Building, Meeting room, 16 May 2017.<\/em><\/li>\n<li style=\"text-align: justify; color: #272A2F;\"><strong>OROS, Mikul\u00e1\u0161<\/strong>. Emerging and re-emerging zoonotic parasitosis caused by fish-borne parasites: health risks associated with consumption of fish. In <em>National Yang-Ming University, Department of Tropical Medicine, International Health Program, 22 May 2017.<\/em><em>\u00a0<\/em><\/li>\n<li style=\"text-align: justify; color: #272A2F;\"><strong>OROS, Mikul\u00e1\u0161<\/strong>. Current research on fish tapeworms (Cestoda) with emphasis on basal groups. In <em>Taipei Medical University, Department of Molecular Parasitology and Tropical Diseases, United Medicine Building, Meeting room, 23 May 2017.<\/em><\/li>\n<li style=\"text-align: justify; color: #272A2F;\"><strong>BAR\u010c\u00c1K, Daniel<\/strong>. Actual isuues in taxonomy and systematics of selected fish tapeworms in Central Europe. . In <em>Taipei Medical University, Department of Molecular Parasitology and Tropical Diseases, United Medicine Building, Meeting room, 23 May 2017.<\/em><\/li>\n<li style=\"text-align: justify; color: #272A2F;\"><strong>OROS, Mikul\u00e1\u0161 \u2013 BAR\u010c\u00c1K, Daniel<\/strong> \u2013 KUCHTA, Roman. Scanning electron microscopic observation of <em>Diphyllobothrium latum<\/em> (CESTODA). In <em>9<sup>th<\/sup> International Workshop on Cestode Systematics \u2013 Abstract Book. University of Rostock, Rostock, Germany, 5<sup>th<\/sup>-10<sup>th<\/sup>, August 2017.<\/em><\/li>\n<li style=\"text-align: justify; color: #272A2F;\"><strong>YIN, Ariel<\/strong>. Epidemiological survey of parasites from freshwater fishes in northern Taiwan: the preliminary data. In <em>Taipei Medical University, Department of Molecular Parasitology and Tropical Diseases, United Medicine Building, Meeting room, 29 September 2017.<\/em><\/li>\n<\/ul>\n<\/div>\n<\/div><\/div><\/div><\/div><\/div>","protected":false},"excerpt":{"rendered":"<p>Scientific papers published in journals registered in CCC, WOS or Scopus with IF Pasaikou Sonko \u2013 Solomon Chih-Cheng Chen \u2013 Chien-Wei Liao \u2013 Po-Ching Cheng \u2013 Ting-Wu Chuang \u2013 Chia-Mei Chou \u2013 Ying-Chieh Huang, Shao-Lun Hsu, Daniel Bar\u010d\u00e1k, Mikul\u00e1\u0161 Oros, &hellip; <a href=\"https:\/\/pau.saske.sk\/project-sav-most\/publications\/\">Continue reading <span class=\"meta-nav\">&rarr;<\/span><\/a><\/p>\n","protected":false},"author":1,"featured_media":0,"parent":0,"menu_order":0,"comment_status":"closed","ping_status":"open","template":"","meta":{"ngg_post_thumbnail":0,"footnotes":""},"folder":[],"class_list":["post-162","page","type-page","status-publish","hentry"],"aioseo_notices":[],"_links":{"self":[{"href":"https:\/\/pau.saske.sk\/project-sav-most\/wp-json\/wp\/v2\/pages\/162","targetHints":{"allow":["GET"]}}],"collection":[{"href":"https:\/\/pau.saske.sk\/project-sav-most\/wp-json\/wp\/v2\/pages"}],"about":[{"href":"https:\/\/pau.saske.sk\/project-sav-most\/wp-json\/wp\/v2\/types\/page"}],"author":[{"embeddable":true,"href":"https:\/\/pau.saske.sk\/project-sav-most\/wp-json\/wp\/v2\/users\/1"}],"replies":[{"embeddable":true,"href":"https:\/\/pau.saske.sk\/project-sav-most\/wp-json\/wp\/v2\/comments?post=162"}],"version-history":[{"count":14,"href":"https:\/\/pau.saske.sk\/project-sav-most\/wp-json\/wp\/v2\/pages\/162\/revisions"}],"predecessor-version":[{"id":637,"href":"https:\/\/pau.saske.sk\/project-sav-most\/wp-json\/wp\/v2\/pages\/162\/revisions\/637"}],"wp:attachment":[{"href":"https:\/\/pau.saske.sk\/project-sav-most\/wp-json\/wp\/v2\/media?parent=162"}],"wp:term":[{"taxonomy":"folder","embeddable":true,"href":"https:\/\/pau.saske.sk\/project-sav-most\/wp-json\/wp\/v2\/folder?post=162"}],"curies":[{"name":"wp","href":"https:\/\/api.w.org\/{rel}","templated":true}]}}